{"id":313,"date":"2026-03-05T18:54:37","date_gmt":"2026-03-05T18:54:37","guid":{"rendered":"https:\/\/marketertarget.com\/?post_type=product&#038;p=313"},"modified":"2026-03-18T11:01:28","modified_gmt":"2026-03-18T11:01:28","slug":"the-networking-pass","status":"publish","type":"product","link":"https:\/\/marketertarget.com\/fi\/product\/the-networking-pass\/","title":{"rendered":"The Networking Pass"},"content":{"rendered":"<h2 data-path-to-node=\"30\">The Networking Pass<\/h2>\n<p data-path-to-node=\"5\" class=\"translation-block\">T\u00e4m\u00e4 on enemm\u00e4n kuin pelkk\u00e4 kannatushuuto \u2013 se on p\u00e4\u00e4sylippusi Targetin ytimess\u00e4 olevaan yhteis\u00f6\u00f6n. The Networking Pass on suunniteltu niille, jotka uskovat missioomme selkeytt\u00e4\u00e4 markkinoinnin kaaos ja haluavat olla mukana matkalla ensimm\u00e4isest\u00e4 p\u00e4iv\u00e4st\u00e4 alkaen. Supporter-j\u00e4senen\u00e4 et vain seuraa alustan kasvua, vaan autat ohjaamaan laivaa.<\/p>\n<p data-path-to-node=\"6\"><b data-path-to-node=\"6\" data-index-in-node=\"0\">Tuotteen eksklusiiviset edut ja ominaisuudet:<\/b><\/p>\n<ul>\n<li data-path-to-node=\"6\"><b data-path-to-node=\"6\" data-index-in-node=\"19\">Ominaisuuksien \u00e4\u00e4nioikeus:<\/b> Anna \u00e4\u00e4nesi ja vaikuta siihen, mit\u00e4 ty\u00f6kaluja ja ominaisuuksia priorisoimme kehitysvaiheen aikana.<\/li>\n<li>\n<p data-path-to-node=\"7,0,0\"><b data-path-to-node=\"7,0,0\" data-index-in-node=\"0\">P\u00e4\u00e4sy yksityiselle Google-kanavalle:<\/b> Liity yksityiseen keskusteluryhm\u00e4\u00e4mme kysym\u00e4\u00e4n, jakamaan palautetta ja verkostoitumaan suoraan perustajien sek\u00e4 muiden ammattilaisten kanssa. Ilmoita liittymiseen k\u00e4ytett\u00e4v\u00e4 s\u00e4hk\u00f6postiosoite kassalla (sille varatussa kent\u00e4ss\u00e4).<\/p>\n<\/li>\n<li>\n<p data-path-to-node=\"7,1,0\"><b data-path-to-node=\"7,1,0\" data-index-in-node=\"0\">Innovaation vauhdittaminen:<\/b> Panoksesi tukee suoraan arkkitehtuurimme jatkuvaa kehityst\u00e4.<\/p>\n<\/li>\n<\/ul>\n<p>&nbsp;<\/p>\n<h2 data-path-to-node=\"30\">Mik\u00e4 on Target Early Bird?<\/h2>\n<p><strong>Varmista etusi. Muotoile tulevaisuus.<\/strong><\/p>\n<p data-path-to-node=\"5\">Target Early Bird -ennakkotilaus on enemm\u00e4n kuin hankinta \u2013 se on paikkasi p\u00f6yd\u00e4ss\u00e4, jossa markkinoinnin hallinnan tulevaisuutta rakennetaan. Kutsumme pienen joukon vision\u00e4\u00e4rej\u00e4 varmistamaan ensisijaisen p\u00e4\u00e4syn alustalle ennen sen maailmanlaajuista julkaisua.<\/p>\n<p data-path-to-node=\"6\">Targetin <strong>Perustajaj\u00e4senen\u00e4<\/strong>et ainoastaan saa k\u00e4ytt\u00f6\u00f6si ammattitason ty\u00f6kaluja strategian ja sis\u00e4ll\u00f6n hallintaan, vaan lukitset itsellesi <b data-path-to-node=\"6\" data-index-in-node=\"120\">hintaedun,<\/b> jonka my\u00f6h\u00e4styj\u00e4t menett\u00e4v\u00e4t. Mik\u00e4 t\u00e4rkeint\u00e4, saat suoran \u00e4\u00e4nesi kuuluviin kehityssuunnitelmissamme varmistaen, ett\u00e4 alusta kehittyy ratkaisemaan juuri <i data-path-to-node=\"6\" data-index-in-node=\"282\">sinun<\/i> haasteesi.<\/p>\n<p data-path-to-node=\"7\">Ennakkotilaamalla varmistat johtoaseman voimakkaasti kasvavassa ekosysteemiss\u00e4, joka on suunniteltu maksimoimaan markkinoinnin vaikuttavuus. Liity joukkoomme t\u00e4n\u00e4\u00e4n ja osoita, ettei markkinointi ole yrityksellesi vain kulu \u2013 se on kilpailuetu.<\/p>\n<p>&nbsp;<\/p>\n<h2 data-path-to-node=\"30\">K\u00e4ytt\u00f6ehdot (Ennakkotilaus)<\/h2>\n<p data-path-to-node=\"10\" class=\"translation-block\">Lue n\u00e4m\u00e4 t\u00e4rke\u00e4t kohdat ennen ostoa. Sovellamme t\u00e4ysim\u00e4\u00e4r\u00e4isi\u00e4 <a class=\"ng-star-inserted\" href=\"https:\/\/marketertarget.com\/fi\/terms_conditions_refund_returns\/\" target=\"_blank\" rel=\"noopener\">sopimusehtoja<\/a>.<\/p>\n<ul data-path-to-node=\"11\">\n<li>\n<p data-path-to-node=\"11,0,0\"><b data-path-to-node=\"11,0,0\" data-index-in-node=\"0\">Alustan kehitys:<\/b> Target on parhaillaan julkaisu- ja hienos\u00e4\u00e4t\u00f6vaiheessa. Ennakkotilauksesi varmistaa ennakkomyyntilisenssin, joka antaa sinulle oikeuden vaikuttaa tuotantovalmiin alustan lopullisiin ominaisuuksiin.<\/p>\n<\/li>\n<li>\n<p data-path-to-node=\"11,1,0\" class=\"translation-block\"><b>Tilauksen lunastaminen:<\/b> Maksettu tilausaikasi (6, 12 tai 30 kuukautta) ei ala viel\u00e4. Kello alkaa raksuttaa vasta, kun lunastat aktivoinnin manuaalisesti tuen tai alustaty\u00f6kalun kautta julkaisun yhteydess\u00e4.<\/p>\n<\/li>\n<li>\n<p data-path-to-node=\"11,2,0\"><b data-path-to-node=\"11,2,0\" data-index-in-node=\"0\">Oikeus muutoksiin:<\/b> Korkeimman ammatillisen laadun varmistamiseksi pid\u00e4t\u00e4mme oikeuden muuttaa tiettyj\u00e4 ominaisuuksia ja kehitysaikatauluja asiantuntijapalautteen perusteella.<\/p>\n<\/li>\n<li>\n<p data-path-to-node=\"11,3,0\"><b data-path-to-node=\"11,3,0\" data-index-in-node=\"0\">Palautusehdot:<\/b> Tarjoamme <b data-path-to-node=\"11,3,0\" data-index-in-node=\"28\">14 p\u00e4iv\u00e4n lakis\u00e4\u00e4teisen palautusoikeuden<\/b> ostop\u00e4iv\u00e4st\u00e4. Kuitenkin EU:n ja Suomen digitaalista sis\u00e4lt\u00f6\u00e4 koskevien lakien mukaisesti t\u00e4m\u00e4 oikeus p\u00e4\u00e4ttyy v\u00e4litt\u00f6m\u00e4sti, kun palvelu on \"toimitettu\".<\/p>\n<\/li>\n<li>\n<p data-path-to-node=\"11,4,0\"><b data-path-to-node=\"11,4,0\" data-index-in-node=\"0\">Toimituksen m\u00e4\u00e4ritelm\u00e4:<\/b> Ennakkotilauspalvelu katsotaan toimitetuksi (mik\u00e4 tekee myynnist\u00e4 lopullisen), jos suoritat <b data-path-to-node=\"11,4,0\" data-index-in-node=\"107\">jonkin<\/b> seuraavista:<\/p>\n<ol start=\"1\" data-path-to-node=\"11,4,1\">\n<li>\n<p data-path-to-node=\"11,4,1,0,0\">Liityt yksityisille yhteis\u00f6kanavillemme (p\u00e4\u00e4asiassa Google Chat).<\/p>\n<\/li>\n<li>\n<p data-path-to-node=\"11,4,1,1,0\">Osallistut perustajaj\u00e4senten \u00e4\u00e4nestykseen ominaisuuksista.<\/p>\n<\/li>\n<li>\n<p data-path-to-node=\"11,4,1,2,0\">Kirjaudut sis\u00e4\u00e4n Target Markkinointialustan hallintapaneeliin.<\/p>\n<\/li>\n<\/ol>\n<\/li>\n<\/ul>","protected":false},"excerpt":{"rendered":"<p>Target Early Bird -ennakkotilaus. Liity sis\u00e4piiriin. Tue seuraavan sukupolven markkinoinnin hallinnan kehityst\u00e4 ja varmista paikkasi vaikuttajien p\u00f6yd\u00e4ss\u00e4.<\/p>","protected":false},"featured_media":886,"comment_status":"open","ping_status":"closed","template":"","meta":[],"product_brand":[44],"product_cat":[43],"product_tag":[46,48,45,50,47,49],"class_list":{"0":"post-313","1":"product","2":"type-product","3":"status-publish","4":"has-post-thumbnail","6":"product_brand-target","7":"product_cat-early-bird","8":"product_tag-early-bird","9":"product_tag-marketertarget","10":"product_tag-marketing","11":"product_tag-marketing-platform","12":"product_tag-pre-order","13":"product_tag-target","15":"first","16":"instock","17":"virtual","18":"taxable","19":"purchasable","20":"product-type-simple"},"_links":{"self":[{"href":"https:\/\/marketertarget.com\/fi\/wp-json\/wp\/v2\/product\/313","targetHints":{"allow":["GET"]}}],"collection":[{"href":"https:\/\/marketertarget.com\/fi\/wp-json\/wp\/v2\/product"}],"about":[{"href":"https:\/\/marketertarget.com\/fi\/wp-json\/wp\/v2\/types\/product"}],"replies":[{"embeddable":true,"href":"https:\/\/marketertarget.com\/fi\/wp-json\/wp\/v2\/comments?post=313"}],"wp:featuredmedia":[{"embeddable":true,"href":"https:\/\/marketertarget.com\/fi\/wp-json\/wp\/v2\/media\/886"}],"wp:attachment":[{"href":"https:\/\/marketertarget.com\/fi\/wp-json\/wp\/v2\/media?parent=313"}],"wp:term":[{"taxonomy":"product_brand","embeddable":true,"href":"https:\/\/marketertarget.com\/fi\/wp-json\/wp\/v2\/product_brand?post=313"},{"taxonomy":"product_cat","embeddable":true,"href":"https:\/\/marketertarget.com\/fi\/wp-json\/wp\/v2\/product_cat?post=313"},{"taxonomy":"product_tag","embeddable":true,"href":"https:\/\/marketertarget.com\/fi\/wp-json\/wp\/v2\/product_tag?post=313"}],"curies":[{"name":"wp","href":"https:\/\/api.w.org\/{rel}","templated":true}]}}