{"id":86,"date":"2026-03-16T14:22:45","date_gmt":"2026-03-16T14:22:45","guid":{"rendered":"https:\/\/marketertarget.com\/news-articles-2\/"},"modified":"2026-03-20T15:08:47","modified_gmt":"2026-03-20T15:08:47","slug":"artikkelit","status":"publish","type":"page","link":"https:\/\/marketertarget.com\/fi\/articles\/","title":{"rendered":"Artikkelit"},"content":{"rendered":"<div data-elementor-type=\"wp-page\" data-elementor-id=\"86\" class=\"elementor elementor-86\" data-elementor-post-type=\"page\">\n\t\t\t\t<div class=\"elementor-element elementor-element-9a01697 e-flex e-con-boxed wpr-particle-no wpr-jarallax-no wpr-parallax-no wpr-sticky-section-no e-con e-parent\" data-id=\"9a01697\" data-element_type=\"container\" data-e-type=\"container\">\n\t\t\t\t\t<div class=\"e-con-inner\">\n\t\t<div class=\"elementor-element elementor-element-7d2506e e-flex e-con-boxed wpr-particle-no wpr-jarallax-no wpr-parallax-no wpr-sticky-section-no e-con e-child\" data-id=\"7d2506e\" data-element_type=\"container\" data-e-type=\"container\" data-settings=\"{&quot;background_background&quot;:&quot;classic&quot;}\">\n\t\t\t\t\t<div class=\"e-con-inner\">\n\t\t\t\t<div class=\"elementor-element elementor-element-fb4107d text-orange-white elementor-widget elementor-widget-heading\" data-id=\"fb4107d\" data-element_type=\"widget\" data-e-type=\"widget\" data-widget_type=\"heading.default\">\n\t\t\t\t\t<h1 class=\"elementor-heading-title elementor-size-default\">Ajankohtaiset artikkelit<\/h1>\t\t\t\t<\/div>\n\t\t\t\t<div class=\"elementor-element elementor-element-2f3d26a elementor-widget__width-inherit elementor-widget elementor-widget-text-editor\" data-id=\"2f3d26a\" data-element_type=\"widget\" data-e-type=\"widget\" data-widget_type=\"text-editor.default\">\n\t\t\t\t\t\t\t\t\t<p>Tutustu trendaaviin aiheisiin ja tee valintoja tehokkaammin.<\/p>\t\t\t\t\t\t\t\t<\/div>\n\t\t\t\t\t<\/div>\n\t\t\t\t<\/div>\n\t\t\t\t\t<\/div>\n\t\t\t\t<\/div>\n\t\t<div class=\"elementor-element elementor-element-3a90684 e-flex e-con-boxed wpr-particle-no wpr-jarallax-no wpr-parallax-no wpr-sticky-section-no e-con e-parent\" data-id=\"3a90684\" data-element_type=\"container\" data-e-type=\"container\">\n\t\t\t\t\t<div class=\"e-con-inner\">\n\t\t\t\t<div class=\"elementor-element elementor-element-0d7ba19 elementor-grid-3 elementor-grid-tablet-2 elementor-grid-mobile-1 elementor-posts--thumbnail-top elementor-card-shadow-yes elementor-posts__hover-gradient elementor-widget elementor-widget-posts\" data-id=\"0d7ba19\" data-element_type=\"widget\" data-e-type=\"widget\" data-settings=\"{&quot;cards_row_gap&quot;:{&quot;unit&quot;:&quot;px&quot;,&quot;size&quot;:77,&quot;sizes&quot;:[]},&quot;cards_row_gap_tablet&quot;:{&quot;unit&quot;:&quot;px&quot;,&quot;size&quot;:71,&quot;sizes&quot;:[]},&quot;cards_row_gap_mobile&quot;:{&quot;unit&quot;:&quot;px&quot;,&quot;size&quot;:30,&quot;sizes&quot;:[]},&quot;pagination_type&quot;:&quot;load_more_infinite_scroll&quot;,&quot;cards_columns&quot;:&quot;3&quot;,&quot;cards_columns_tablet&quot;:&quot;2&quot;,&quot;cards_columns_mobile&quot;:&quot;1&quot;,&quot;load_more_spinner&quot;:{&quot;value&quot;:&quot;fas fa-spinner&quot;,&quot;library&quot;:&quot;fa-solid&quot;}}\" data-widget_type=\"posts.cards\">\n\t\t\t\t<div class=\"elementor-widget-container\">\n\t\t\t\t\t\t\t<div class=\"elementor-posts-container elementor-posts elementor-posts--skin-cards elementor-grid\" role=\"list\">\n\t\t\t\t<article class=\"elementor-post elementor-grid-item post-878 post type-post status-publish format-standard has-post-thumbnail hentry category-brand-identity tag-brand tag-colors tag-corporate-image tag-design tag-logo tag-typografy tag-visual-identity\" role=\"listitem\">\n\t\t\t<div class=\"elementor-post__card\">\n\t\t\t\t<a class=\"elementor-post__thumbnail__link\" href=\"https:\/\/marketertarget.com\/fi\/brand-identity\/visual-identity-for-business\/\" tabindex=\"-1\" ><div class=\"elementor-post__thumbnail\"><img fetchpriority=\"high\" decoding=\"async\" width=\"768\" height=\"419\" src=\"https:\/\/marketertarget.com\/wp-content\/uploads\/2026\/03\/visual-identity-768x419.png\" class=\"attachment-medium_large size-medium_large wp-image-880\" alt=\"Yrityksen visuaalinen identiteetti \u2013 6 elementti\u00e4, jotka erottavat sinut kilpailijoista\" srcset=\"https:\/\/marketertarget.com\/wp-content\/uploads\/2026\/03\/visual-identity-768x419.png 768w, https:\/\/marketertarget.com\/wp-content\/uploads\/2026\/03\/visual-identity-300x164.png 300w, https:\/\/marketertarget.com\/wp-content\/uploads\/2026\/03\/visual-identity-1024x559.png 1024w, https:\/\/marketertarget.com\/wp-content\/uploads\/2026\/03\/visual-identity-1536x838.png 1536w, https:\/\/marketertarget.com\/wp-content\/uploads\/2026\/03\/visual-identity-2048x1117.png 2048w, https:\/\/marketertarget.com\/wp-content\/uploads\/2026\/03\/visual-identity-18x10.png 18w, https:\/\/marketertarget.com\/wp-content\/uploads\/2026\/03\/visual-identity-600x327.png 600w\" sizes=\"(max-width: 768px) 100vw, 768px\" \/><\/div><\/a>\n\t\t\t\t<div class=\"elementor-post__badge\">Br\u00e4ndi &amp; Identiteetti<\/div>\n\t\t\t\t<div class=\"elementor-post__text\">\n\t\t\t\t<h2 class=\"elementor-post__title\">\n\t\t\t<a href=\"https:\/\/marketertarget.com\/fi\/brand-identity\/visual-identity-for-business\/\" >\n\t\t\t\tYrityksen visuaalinen identiteetti \u2013 6 elementti\u00e4, jotka erottavat sinut kilpailijoista\t\t\t<\/a>\n\t\t<\/h2>\n\t\t\t\t<div class=\"elementor-post__excerpt\">\n\t\t\t<p>Mieti hetke\u00e4, jolloin jokin br\u00e4ndi pys\u00e4ytti sinut. Ehk\u00e4 se oli tuotteen pakkaus, some-julkaisu joka n\u00e4ytti heti tutulta, tai verkkosivusto joka tuntui oikealta jo ensimm\u00e4isell\u00e4 sekunnilla. Et ehk\u00e4 osannut selitt\u00e4\u00e4 miksi se toimi. Tunsit vain, ett\u00e4 se toimi...<\/p>\n\t\t<\/div>\n\t\t\t\t\t<div class=\"elementor-post__read-more-wrapper\">\n\t\t\n\t\t<a class=\"elementor-post__read-more\" href=\"https:\/\/marketertarget.com\/fi\/brand-identity\/visual-identity-for-business\/\" aria-label=\"Read more about Visual Identity for Business \u2013 6 Elements That Set You Apart From Competitors\" tabindex=\"-1\" >\n\t\t\tAloita Lukeminen\t\t<\/a>\n\n\t\t\t\t\t<\/div>\n\t\t\t\t<\/div>\n\t\t\t\t<div class=\"elementor-post__meta-data\">\n\t\t\t\t\t<span class=\"elementor-post-date\">\n\t\t\t24 maaliskuun, 2026\t\t<\/span>\n\t\t\t\t<\/div>\n\t\t\t\t\t<\/div>\n\t\t<\/article>\n\t\t\t\t<article class=\"elementor-post elementor-grid-item post-874 post type-post status-publish format-standard has-post-thumbnail hentry category-brand-identity tag-brand-book tag-brand-guidelines tag-corporate-identity tag-logo tag-visual-identity\" role=\"listitem\">\n\t\t\t<div class=\"elementor-post__card\">\n\t\t\t\t<a class=\"elementor-post__thumbnail__link\" href=\"https:\/\/marketertarget.com\/fi\/brand-identity\/brand-book\/\" tabindex=\"-1\" ><div class=\"elementor-post__thumbnail\"><img decoding=\"async\" width=\"768\" height=\"419\" src=\"https:\/\/marketertarget.com\/wp-content\/uploads\/2026\/03\/Brand-Book-for-Business-768x419.png\" class=\"attachment-medium_large size-medium_large wp-image-875\" alt=\"Br\u00e4ndikirja yritykselle\" srcset=\"https:\/\/marketertarget.com\/wp-content\/uploads\/2026\/03\/Brand-Book-for-Business-768x419.png 768w, https:\/\/marketertarget.com\/wp-content\/uploads\/2026\/03\/Brand-Book-for-Business-300x164.png 300w, https:\/\/marketertarget.com\/wp-content\/uploads\/2026\/03\/Brand-Book-for-Business-1024x559.png 1024w, https:\/\/marketertarget.com\/wp-content\/uploads\/2026\/03\/Brand-Book-for-Business-1536x838.png 1536w, https:\/\/marketertarget.com\/wp-content\/uploads\/2026\/03\/Brand-Book-for-Business-2048x1117.png 2048w, https:\/\/marketertarget.com\/wp-content\/uploads\/2026\/03\/Brand-Book-for-Business-18x10.png 18w, https:\/\/marketertarget.com\/wp-content\/uploads\/2026\/03\/Brand-Book-for-Business-600x327.png 600w\" sizes=\"(max-width: 768px) 100vw, 768px\" \/><\/div><\/a>\n\t\t\t\t<div class=\"elementor-post__badge\">Br\u00e4ndi &amp; Identiteetti<\/div>\n\t\t\t\t<div class=\"elementor-post__text\">\n\t\t\t\t<h2 class=\"elementor-post__title\">\n\t\t\t<a href=\"https:\/\/marketertarget.com\/fi\/brand-identity\/brand-book\/\" >\n\t\t\t\tBr\u00e4ndikirja yritykselle \u2013 mit\u00e4 se on, mit\u00e4 sis\u00e4lt\u00e4\u00e4 ja miten teet sen itse\t\t\t<\/a>\n\t\t<\/h2>\n\t\t\t\t<div class=\"elementor-post__excerpt\">\n\t\t\t<p>Olet varmaan t\u00f6rm\u00e4nnyt t\u00e4h\u00e4n. Avaat yrityksen verkkosivun ja se n\u00e4ytt\u00e4\u00e4 siistilt\u00e4 ja yhten\u00e4iselt\u00e4. Sitten n\u00e4et saman yrityksen Facebook-julkaisun, jossa fontit ovat eri. Sen j\u00e4lkeen tulee lasku, jossa logo on hieman eri sinisen s\u00e4vyss\u00e4...<\/p>\n\t\t<\/div>\n\t\t\t\t\t<div class=\"elementor-post__read-more-wrapper\">\n\t\t\n\t\t<a class=\"elementor-post__read-more\" href=\"https:\/\/marketertarget.com\/fi\/brand-identity\/brand-book\/\" aria-label=\"Read more about Brand Book for Business \u2013 What It Is, What It Contains and How to Create One\" tabindex=\"-1\" >\n\t\t\tAloita Lukeminen\t\t<\/a>\n\n\t\t\t\t\t<\/div>\n\t\t\t\t<\/div>\n\t\t\t\t<div class=\"elementor-post__meta-data\">\n\t\t\t\t\t<span class=\"elementor-post-date\">\n\t\t\t20 maaliskuun, 2026\t\t<\/span>\n\t\t\t\t<\/div>\n\t\t\t\t\t<\/div>\n\t\t<\/article>\n\t\t\t\t<article class=\"elementor-post elementor-grid-item post-869 post type-post status-publish format-standard has-post-thumbnail hentry category-marketing-strategy tag-5-steps tag-entrepreneur tag-marketing tag-marketing-plan tag-practical-tips tag-small-business\" role=\"listitem\">\n\t\t\t<div class=\"elementor-post__card\">\n\t\t\t\t<a class=\"elementor-post__thumbnail__link\" href=\"https:\/\/marketertarget.com\/fi\/marketing-strategy\/marketing-plan-for-small-business\/\" tabindex=\"-1\" ><div class=\"elementor-post__thumbnail\"><img decoding=\"async\" width=\"768\" height=\"419\" src=\"https:\/\/marketertarget.com\/wp-content\/uploads\/2026\/03\/Markkinointisuunnitelma-pienyritykselle-\u2013-5-askelta-768x419.png\" class=\"attachment-medium_large size-medium_large wp-image-871\" alt=\"Markkinointisuunnitelma pienyritykselle \u2013 5 askelta\" srcset=\"https:\/\/marketertarget.com\/wp-content\/uploads\/2026\/03\/Markkinointisuunnitelma-pienyritykselle-\u2013-5-askelta-768x419.png 768w, https:\/\/marketertarget.com\/wp-content\/uploads\/2026\/03\/Markkinointisuunnitelma-pienyritykselle-\u2013-5-askelta-300x164.png 300w, https:\/\/marketertarget.com\/wp-content\/uploads\/2026\/03\/Markkinointisuunnitelma-pienyritykselle-\u2013-5-askelta-1024x559.png 1024w, https:\/\/marketertarget.com\/wp-content\/uploads\/2026\/03\/Markkinointisuunnitelma-pienyritykselle-\u2013-5-askelta-1536x838.png 1536w, https:\/\/marketertarget.com\/wp-content\/uploads\/2026\/03\/Markkinointisuunnitelma-pienyritykselle-\u2013-5-askelta-2048x1117.png 2048w, https:\/\/marketertarget.com\/wp-content\/uploads\/2026\/03\/Markkinointisuunnitelma-pienyritykselle-\u2013-5-askelta-18x10.png 18w, https:\/\/marketertarget.com\/wp-content\/uploads\/2026\/03\/Markkinointisuunnitelma-pienyritykselle-\u2013-5-askelta-600x327.png 600w\" sizes=\"(max-width: 768px) 100vw, 768px\" \/><\/div><\/a>\n\t\t\t\t<div class=\"elementor-post__badge\">Markkinointistrategia<\/div>\n\t\t\t\t<div class=\"elementor-post__text\">\n\t\t\t\t<h2 class=\"elementor-post__title\">\n\t\t\t<a href=\"https:\/\/marketertarget.com\/fi\/marketing-strategy\/marketing-plan-for-small-business\/\" >\n\t\t\t\tMarkkinointisuunnitelma pienyritykselle \u2013 5 vaihetta ilman markkinointitoimistoa\t\t\t<\/a>\n\t\t<\/h2>\n\t\t\t\t<div class=\"elementor-post__excerpt\">\n\t\t\t<p>Markkinointisuunnitelma kuulostaa isolta. Se tuo mieleen paksujen PowerPoint-esitysten, kallisten konsulttien ja viikkojen mittaisten strategiasessioiden maailman. Sen vuoksi iso osa pienyritt\u00e4jist\u00e4 j\u00e4tt\u00e4\u00e4 sen tekem\u00e4tt\u00e4. Se on virhe \u2013 mutta ymm\u00e4rrett\u00e4v\u00e4 sellainen. Totuus on, ett\u00e4...<\/p>\n\t\t<\/div>\n\t\t\t\t\t<div class=\"elementor-post__read-more-wrapper\">\n\t\t\n\t\t<a class=\"elementor-post__read-more\" href=\"https:\/\/marketertarget.com\/fi\/marketing-strategy\/marketing-plan-for-small-business\/\" aria-label=\"Read more about Marketing Plan for Small Business \u2013 5 Steps Without an Agency\" tabindex=\"-1\" >\n\t\t\tAloita Lukeminen\t\t<\/a>\n\n\t\t\t\t\t<\/div>\n\t\t\t\t<\/div>\n\t\t\t\t<div class=\"elementor-post__meta-data\">\n\t\t\t\t\t<span class=\"elementor-post-date\">\n\t\t\t17 maaliskuun, 2026\t\t<\/span>\n\t\t\t\t<\/div>\n\t\t\t\t\t<\/div>\n\t\t<\/article>\n\t\t\t\t<article class=\"elementor-post elementor-grid-item post-799 post type-post status-publish format-standard has-post-thumbnail hentry category-marketing-strategy tag-growth tag-marketing tag-marketing-strategy tag-planning tag-small-business tag-strategy\" role=\"listitem\">\n\t\t\t<div class=\"elementor-post__card\">\n\t\t\t\t<a class=\"elementor-post__thumbnail__link\" href=\"https:\/\/marketertarget.com\/fi\/marketing-strategy\/marketing-strategy-for-business\/\" tabindex=\"-1\" ><div class=\"elementor-post__thumbnail\"><img loading=\"lazy\" decoding=\"async\" width=\"768\" height=\"406\" src=\"https:\/\/marketertarget.com\/wp-content\/uploads\/2026\/03\/Marketing-Strategy-for-Your-Business-768x406.webp\" class=\"attachment-medium_large size-medium_large wp-image-800\" alt=\"Markkinointistrategia yrityksellesi\" srcset=\"https:\/\/marketertarget.com\/wp-content\/uploads\/2026\/03\/Marketing-Strategy-for-Your-Business-768x406.webp 768w, https:\/\/marketertarget.com\/wp-content\/uploads\/2026\/03\/Marketing-Strategy-for-Your-Business-300x158.webp 300w, https:\/\/marketertarget.com\/wp-content\/uploads\/2026\/03\/Marketing-Strategy-for-Your-Business-1024x541.webp 1024w, https:\/\/marketertarget.com\/wp-content\/uploads\/2026\/03\/Marketing-Strategy-for-Your-Business-1536x811.webp 1536w, https:\/\/marketertarget.com\/wp-content\/uploads\/2026\/03\/Marketing-Strategy-for-Your-Business-scaled.webp 1920w, https:\/\/marketertarget.com\/wp-content\/uploads\/2026\/03\/Marketing-Strategy-for-Your-Business-18x10.webp 18w, https:\/\/marketertarget.com\/wp-content\/uploads\/2026\/03\/Marketing-Strategy-for-Your-Business-600x317.webp 600w\" sizes=\"(max-width: 768px) 100vw, 768px\" \/><\/div><\/a>\n\t\t\t\t<div class=\"elementor-post__badge\">Markkinointistrategia<\/div>\n\t\t\t\t<div class=\"elementor-post__text\">\n\t\t\t\t<h2 class=\"elementor-post__title\">\n\t\t\t<a href=\"https:\/\/marketertarget.com\/fi\/marketing-strategy\/marketing-strategy-for-business\/\" >\n\t\t\t\tMarkkinointistrategia yritykselle \u2013 rakenna perusta, joka tuottaa tuloksia\t\t\t<\/a>\n\t\t<\/h2>\n\t\t\t\t<div class=\"elementor-post__excerpt\">\n\t\t\t<p>Monilla yrityksill\u00e4 markkinointi tuntuu jatkuvalta tulipalojen sammuttamiselta. Yksi viikko tehd\u00e4\u00e4n Instagram-postauksia, seuraava viikko mietit\u00e4\u00e4n, pit\u00e4isik\u00f6 ottaa Google-mainokset k\u00e4ytt\u00f6\u00f6n. V\u00e4lill\u00e4 pyydet\u00e4\u00e4n tarjous mainostoimistolta...<\/p>\n\t\t<\/div>\n\t\t\t\t\t<div class=\"elementor-post__read-more-wrapper\">\n\t\t\n\t\t<a class=\"elementor-post__read-more\" href=\"https:\/\/marketertarget.com\/fi\/marketing-strategy\/marketing-strategy-for-business\/\" aria-label=\"Read more about Marketing Strategy for Your Business \u2013 Build a Foundation That Delivers Results\" tabindex=\"-1\" >\n\t\t\tAloita Lukeminen\t\t<\/a>\n\n\t\t\t\t\t<\/div>\n\t\t\t\t<\/div>\n\t\t\t\t<div class=\"elementor-post__meta-data\">\n\t\t\t\t\t<span class=\"elementor-post-date\">\n\t\t\t16 maaliskuun, 2026\t\t<\/span>\n\t\t\t\t<\/div>\n\t\t\t\t\t<\/div>\n\t\t<\/article>\n\t\t\t\t<\/div>\n\t\t\t\t\t<span class=\"e-load-more-spinner\">\n\t\t\t\t<svg aria-hidden=\"true\" class=\"e-font-icon-svg e-fas-spinner\" viewbox=\"0 0 512 512\" xmlns=\"http:\/\/www.w3.org\/2000\/svg\"><path d=\"M304 48c0 26.51-21.49 48-48 48s-48-21.49-48-48 21.49-48 48-48 48 21.49 48 48zm-48 368c-26.51 0-48 21.49-48 48s21.49 48 48 48 48-21.49 48-48-21.49-48-48-48zm208-208c-26.51 0-48 21.49-48 48s21.49 48 48 48 48-21.49 48-48-21.49-48-48-48zM96 256c0-26.51-21.49-48-48-48S0 229.49 0 256s21.49 48 48 48 48-21.49 48-48zm12.922 99.078c-26.51 0-48 21.49-48 48s21.49 48 48 48 48-21.49 48-48c0-26.509-21.491-48-48-48zm294.156 0c-26.51 0-48 21.49-48 48s21.49 48 48 48 48-21.49 48-48c0-26.509-21.49-48-48-48zM108.922 60.922c-26.51 0-48 21.49-48 48s21.49 48 48 48 48-21.49 48-48-21.491-48-48-48z\"><\/path><\/svg>\t\t\t<\/span>\n\t\t\n\t\t\t\t\t\t<\/div>\n\t\t\t\t<\/div>\n\t\t\t\t\t<\/div>\n\t\t\t\t<\/div>\n\t\t\t\t<\/div>","protected":false},"excerpt":{"rendered":"<p>Latest Insights and Articles Explore trending topics to empower your choices. Top Articles You\u2019ll Love Discover a handpicked selection of articles that empower you with insights and knowledge. Each piece is thoughtfully chosen to keep you informed and inspired in the world of marketing. Curated Insights Just for You Explore articles carefully selected by our experts. Each one offers valuable perspectives to enhance your professional journey. Stay ahead with insights designed to drive your success. What Our Clients Say Testimonials from Our Customers &#8220;Since partnering with this team, our marketing efforts have transformed. We&#8217;ve seen a marked increase in engagement and sales. Highly recommend!&#8221; Jessica Smith, Marketing Director &#8220;The strategies they implemented helped us reach new customers effortlessly. Their insights are invaluable!&#8221; Michael Brown, CEO &#8220;Exceptional service and support. The platform is user-friendly and has boosted our business significantly!&#8221; Laura Wang, Founder<\/p>","protected":false},"author":1,"featured_media":0,"parent":0,"menu_order":0,"comment_status":"closed","ping_status":"closed","template":"","meta":{"footnotes":""},"class_list":["post-86","page","type-page","status-publish","hentry"],"_links":{"self":[{"href":"https:\/\/marketertarget.com\/fi\/wp-json\/wp\/v2\/pages\/86","targetHints":{"allow":["GET"]}}],"collection":[{"href":"https:\/\/marketertarget.com\/fi\/wp-json\/wp\/v2\/pages"}],"about":[{"href":"https:\/\/marketertarget.com\/fi\/wp-json\/wp\/v2\/types\/page"}],"author":[{"embeddable":true,"href":"https:\/\/marketertarget.com\/fi\/wp-json\/wp\/v2\/users\/1"}],"replies":[{"embeddable":true,"href":"https:\/\/marketertarget.com\/fi\/wp-json\/wp\/v2\/comments?post=86"}],"version-history":[{"count":5,"href":"https:\/\/marketertarget.com\/fi\/wp-json\/wp\/v2\/pages\/86\/revisions"}],"predecessor-version":[{"id":890,"href":"https:\/\/marketertarget.com\/fi\/wp-json\/wp\/v2\/pages\/86\/revisions\/890"}],"wp:attachment":[{"href":"https:\/\/marketertarget.com\/fi\/wp-json\/wp\/v2\/media?parent=86"}],"curies":[{"name":"wp","href":"https:\/\/api.w.org\/{rel}","templated":true}]}}