{"id":3,"date":"2026-03-02T11:21:59","date_gmt":"2026-03-02T11:21:59","guid":{"rendered":"https:\/\/marketertarget.com\/?page_id=3"},"modified":"2026-03-11T20:31:52","modified_gmt":"2026-03-11T20:31:52","slug":"privacy-policy","status":"publish","type":"page","link":"https:\/\/marketertarget.com\/fi\/privacy-policy\/","title":{"rendered":"Tietosuojaseloste"},"content":{"rendered":"<div data-elementor-type=\"wp-page\" data-elementor-id=\"3\" class=\"elementor elementor-3\" data-elementor-post-type=\"page\">\n\t\t\t\t<div class=\"elementor-element elementor-element-55efbc9 e-flex e-con-boxed wpr-particle-no wpr-jarallax-no wpr-parallax-no wpr-sticky-section-no e-con e-parent\" data-id=\"55efbc9\" data-element_type=\"container\" data-e-type=\"container\">\n\t\t\t\t\t<div class=\"e-con-inner\">\n\t\t\t\t<div class=\"elementor-element elementor-element-000ccc4 text-orange-white elementor-widget elementor-widget-heading\" data-id=\"000ccc4\" data-element_type=\"widget\" data-e-type=\"widget\" data-widget_type=\"heading.default\">\n\t\t\t\t\t<h1 class=\"elementor-heading-title elementor-size-default\">Tietosuojaseloste<\/h1>\t\t\t\t<\/div>\n\t\t\t\t<div class=\"elementor-element elementor-element-1272f740 elementor-widget elementor-widget-text-editor\" data-id=\"1272f740\" data-element_type=\"widget\" data-e-type=\"widget\" data-widget_type=\"text-editor.default\">\n\t\t\t\t\t\t\t\t\t<p><b data-path-to-node=\"5,0\" data-index-in-node=\"0\"><span class=\"citation-102\">Viimeksi p\u00e4ivitetty:<\/span><\/b><span class=\"citation-102\"> 9.3.2026<\/span><\/p>\n<p>\u00a0<\/p>\n<p>T\u00e4m\u00e4 tietosuojaseloste kuvaa, miten <b data-path-to-node=\"4\" data-index-in-node=\"34\">Nortte Oy,<\/b> ker\u00e4\u00e4, k\u00e4ytt\u00e4\u00e4 ja suojaa henkil\u00f6tietojasi, kun k\u00e4yt\u00e4t <b data-path-to-node=\"4\" data-index-in-node=\"109\">Target Markkinointialusta<\/b> (marketertarget.com) -sivustoa tai asioit verkkokaupassamme.<\/p>\n<p>\u00a0<\/p>\n<h2 id=\"p-rc_2247686c7b36c0c9-21\" data-path-to-node=\"6\"><span data-path-to-node=\"6,0\"><b data-path-to-node=\"6,0\" data-index-in-node=\"0\">1. Rekisterinpit\u00e4j\u00e4<\/b> <\/span><\/h2>\n<p data-path-to-node=\"6\"><span data-path-to-node=\"6,2\"><span class=\"citation-101\">Target Markkinointialusta (marketertarget.com)<\/span><\/span><\/p>\n<p data-path-to-node=\"6\"><span data-path-to-node=\"6,2\"><span class=\"citation-101\">Nortte Oy,<br \/><\/span><\/span>Y-tunnus 3281779-5<br \/>Jyv\u00e4skyl\u00e4, Finland<\/p>\n<p data-path-to-node=\"6\"><span data-path-to-node=\"6,4\">Contact: contact@marketertarget.com.<\/span><\/p>\n<p>\u00a0<\/p>\n<h2 id=\"p-rc_2247686c7b36c0c9-22\" data-path-to-node=\"7\"><span data-path-to-node=\"7,0\"><b data-path-to-node=\"7,0\" data-index-in-node=\"0\">2. K\u00e4sittelyn oikeusperuste ja tarkoitus<\/b><\/span><\/h2>\n<p data-path-to-node=\"7\"><span data-path-to-node=\"7,2\"><span class=\"citation-100\">K\u00e4sittelemme henkil\u00f6tietoja markkinoinnin hallintapalveluiden tarjoamiseksi, maksujen k\u00e4sittelemiseksi ja markkinointianalytiikan suorittamiseksi<\/span><\/span><span data-path-to-node=\"7,4\">.<\/span><\/p>\n<ul data-path-to-node=\"8\">\n<li>\n<p><strong>Sopimukseen perustuva velvoite:<\/strong> Target Markkinointialusta -palvelun tarjoaminen, tilausten k\u00e4sittely, maksujen hallinta (WooCommerce &amp; Stripe) sek\u00e4 asiakastuki.<\/p>\n<\/li>\n<li>\n<p><strong style=\"background-color: transparent;\">Oikeutettu etu:<\/strong><span style=\"background-color: transparent;\"> Verkkosivuston tietoturvan varmistaminen (liikenteen todentaminen, ep\u00e4ilytt\u00e4v\u00e4n liikenteen est\u00e4minen ja verkkohy\u00f6kk\u00e4ysten torjunta), tekninen yll\u00e4pito, palvelun kehitt\u00e4minen ja alustan analytiikka.<\/span><\/p>\n<\/li>\n<li>\n<p><strong style=\"background-color: transparent;\">Lakis\u00e4\u00e4teinen velvoite:<\/strong><span style=\"background-color: transparent;\"> Kirjanpitoaineiston s\u00e4ilytt\u00e4minen Suomen kirjanpitolain mukaisesti.<\/span><\/p>\n<\/li>\n<li>\n<p><strong style=\"background-color: transparent;\">Suostumus:<\/strong><span style=\"background-color: transparent;\"> Markkinointiviestint\u00e4, uutiskirjeet ja valinnaiset seurantaev\u00e4steet (Google Analytics, Meta Pixel).<\/span><\/p>\n<\/li>\n<\/ul>\n<h2 data-path-to-node=\"9\"><b data-path-to-node=\"9\" data-index-in-node=\"0\">3. Ker\u00e4tt\u00e4v\u00e4t tiedot<\/b><\/h2>\n<p data-path-to-node=\"13\">Ker\u00e4\u00e4mme seuraavan tyyppisi\u00e4 tietoja:<\/p>\n<ul data-path-to-node=\"10\">\n<li>\n<p id=\"p-rc_2247686c7b36c0c9-26\" data-path-to-node=\"10,0,1\"><span data-path-to-node=\"10,0,1,0\"><b data-path-to-node=\"10,0,1,0\" data-index-in-node=\"0\"><span class=\"citation-96\">Yhteystiedot ja tunnistetiedot:<\/span><\/b><span class=\"citation-96\"> Nimi, s\u00e4hk\u00f6postiosoite, puhelinnumero, laskutus-\/toimitusosoite ja yrityksen tiedot.<\/span><\/span><\/p>\n<\/li>\n<li>\n<p id=\"p-rc_2247686c7b36c0c9-26\" data-path-to-node=\"10,0,1\"><span data-path-to-node=\"10,1,1,0\"><b data-path-to-node=\"10,1,1,0\" data-index-in-node=\"0\"><span class=\"citation-95\">Maksutapahtumatiedot:<\/span><\/b><span class=\"citation-95\"> Tuotetiedot, tilaushistoria ja maksun tila. Huom: Maksukorttitietoja ei tallenneta palvelimellemme, vaan niit\u00e4 k\u00e4sittelee Stripe-maksupalveluntarjoaja.<\/span><\/span><\/p>\n<\/li>\n<li>\n<p id=\"p-rc_2247686c7b36c0c9-28\" data-path-to-node=\"10,2,1\"><span data-path-to-node=\"10,2,1,0\"><b data-path-to-node=\"10,2,1,0\" data-index-in-node=\"0\"><span class=\"citation-94\">Tekniset ja k\u00e4ytt\u00f6tiedot:<\/span><\/b><span class=\"citation-94\"> IP-osoite, selaimen tyyppi, laitetiedot sek\u00e4 tiedot siit\u00e4, miten k\u00e4yt\u00e4t sivustoamme.<\/span><\/span><\/p>\n<\/li>\n<li><b data-path-to-node=\"14,3,0\" data-index-in-node=\"0\">Asetukset:<\/b> Kielivalinnan ja ev\u00e4steiden suostumusasetusten muistaminen.<\/li>\n<\/ul>\n<h2><strong>4. Tietojen luovuttaminen ja kolmannet osapuolet<\/strong><\/h2>\n<p>Luovutamme tietoja vain luotettaville kolmansien osapuolten k\u00e4sittelij\u00f6ille, jotka ovat v\u00e4ltt\u00e4m\u00e4tt\u00f6mi\u00e4 toiminnallemme:<\/p>\n<ul data-path-to-node=\"18\">\n<li>\n<p data-path-to-node=\"18,0,0\"><b data-path-to-node=\"18,0,0\" data-index-in-node=\"0\">Maksunv\u00e4litt\u00e4j\u00e4t:<\/b> Stripe (maksujen k\u00e4sittelyyn).<\/p>\n<\/li>\n<li>\n<p data-path-to-node=\"18,1,0\"><b data-path-to-node=\"18,1,0\" data-index-in-node=\"0\">S\u00e4hk\u00f6postipalvelut:<\/b> Google Gmail SMTP:n kautta (tapahtumas\u00e4hk\u00f6postit, kuten tilausvahvistukset).<\/p>\n<\/li>\n<li>\n<p data-path-to-node=\"18,2,0\"><b data-path-to-node=\"18,2,0\" data-index-in-node=\"0\">Analytiikka ja markkinointi:<\/b> Google Analytics, Meta Pixel ja Metricool (vain jos suostumus on annettu ev\u00e4stebannerin kautta).<\/p>\n<\/li>\n<li>\n<p data-path-to-node=\"18,3,0\"><b data-path-to-node=\"18,3,0\" data-index-in-node=\"0\">Tietoturva ja suorituskyky:<\/b> IP-tiedot tietoturvaoperaattoreille (haitallisen liikenteen est\u00e4miseksi).<\/p>\n<\/li>\n<\/ul>\n<p data-path-to-node=\"19\">Tietoja voidaan siirt\u00e4\u00e4 EU\/ETA-alueen ulkopuolelle (esim. Yhdysvaltoihin). T\u00e4llaisissa tapauksissa varmistamme tietosuojan riitt\u00e4v\u00e4n tason k\u00e4ytt\u00e4m\u00e4ll\u00e4 Euroopan komission vakiosopimuslausekkeita (SCC) tai muita laillisia siirtomekanismeja.<\/p>\n<p data-path-to-node=\"19\">\u00a0<\/p>\n<h2 data-path-to-node=\"11\"><b data-path-to-node=\"11\" data-index-in-node=\"0\">5. Ev\u00e4steet ja seuranta<\/b><\/h2>\n<p data-path-to-node=\"11\">K\u00e4yt\u00e4mme ev\u00e4steit\u00e4 parantaaksemme k\u00e4ytt\u00f6kokemustasi. Hallinnoimme n\u00e4it\u00e4 suostumuksia <a href=\"#gdpr_cookie_modal\">ev\u00e4stebannerilla<\/a> k\u00e4ytt\u00e4j\u00e4n suostumuksen selvitt\u00e4miseksi.<\/p>\n<ul data-path-to-node=\"23\">\n<li>\n<p data-path-to-node=\"23,0,0\"><b data-path-to-node=\"23,0,0\" data-index-in-node=\"0\">V\u00e4ltt\u00e4m\u00e4tt\u00f6m\u00e4t ev\u00e4steet:<\/b> Tarvitaan WordPressin ja verkkokaupan ydintoimintoihin (esim. ostoskori, kirjautuminen) sek\u00e4 tietoturvaan.<\/p>\n<\/li>\n<li>\n<p data-path-to-node=\"23,1,0\"><b data-path-to-node=\"23,1,0\" data-index-in-node=\"0\">Analyyttiset ev\u00e4steet:<\/b> Auttavat meit\u00e4 ymm\u00e4rt\u00e4m\u00e4\u00e4n sivuston k\u00e4ytt\u00f6\u00e4 (Google Analytics, Metricool).<\/p>\n<\/li>\n<li>\n<p data-path-to-node=\"23,2,0\"><b data-path-to-node=\"23,2,0\" data-index-in-node=\"0\">Markkinointiev\u00e4steet:<\/b> Google Analytics ja Meta Pixel mainonnan uudelleenkohdentamiseen ja konversioiden seurantaan.<\/p>\n<\/li>\n<\/ul>\n<p data-path-to-node=\"24\">Voit muuttaa ev\u00e4steasetuksiasi milloin tahansa asetuksista (rataskuvake verkkosivustomme vasemmassa alakulmassa).<\/p>\n<p data-path-to-node=\"24\">\u00a0<\/p>\n<h2 data-path-to-node=\"13\"><b data-path-to-node=\"13\" data-index-in-node=\"0\">6. Tietojen s\u00e4ilytysaika<\/b><\/h2>\n<ul>\n<li>\n<p data-path-to-node=\"27,0,0\"><b data-path-to-node=\"27,0,0\" data-index-in-node=\"0\">Asiakastiedot:<\/b> S\u00e4ilytet\u00e4\u00e4n asiakassuhteen keston ajan ja sen j\u00e4lkeen tarvittavan ajan mahdollisten vaatimusten tai takuiden hoitamiseksi.<\/p>\n<\/li>\n<li>\n<p data-path-to-node=\"27,1,0\"><b data-path-to-node=\"27,1,0\" data-index-in-node=\"0\">Kirjanpitoaineisto:<\/b> Suomen kirjanpitolain mukaisesti s\u00e4ilyt\u00e4mme tilaus-, lasku- ja maksutiedot <b data-path-to-node=\"27,1,0\" data-index-in-node=\"138\">6 vuotta<\/b> sen kalenterivuoden lopusta, jolloin tilikausi on p\u00e4\u00e4ttynyt.<\/p>\n<\/li>\n<li>\n<p data-path-to-node=\"27,2,0\"><b data-path-to-node=\"27,2,0\" data-index-in-node=\"0\">Markkinointitiedot:<\/b> S\u00e4ilytet\u00e4\u00e4n, kunnes peruutat suostumuksesi tai poistut postituslistaltamme.<\/p>\n<\/li>\n<li>\n<p data-path-to-node=\"27,3,0\"><b data-path-to-node=\"27,3,0\" data-index-in-node=\"0\">Tietoturvalokit:<\/b> Suojamuureista kertyneit\u00e4 IP-lokeja s\u00e4ilytet\u00e4\u00e4n tyypillisesti 30\u201390 p\u00e4iv\u00e4\u00e4 uhka-analyyseja varten.<\/p>\n<\/li>\n<\/ul>\n<h2 data-path-to-node=\"15\"><b data-path-to-node=\"15\" data-index-in-node=\"0\">7. Rekister\u00f6idyn oikeudet (GDPR)<\/b><\/h2>\n<p data-path-to-node=\"30\">Rekister\u00f6ityn\u00e4 sinulla on seuraavat oikeudet:<\/p>\n<ol start=\"1\" data-path-to-node=\"31\">\n<li>\n<p data-path-to-node=\"31,0,0\"><b data-path-to-node=\"31,0,0\" data-index-in-node=\"0\">Oikeus saada p\u00e4\u00e4sy tietoihin:<\/b> Oikeus saada kopio sinusta hallussamme olevista tiedoista.<\/p>\n<\/li>\n<li>\n<p data-path-to-node=\"31,1,0\"><b data-path-to-node=\"31,1,0\" data-index-in-node=\"0\">Oikeus tietojen oikaisemiseen:<\/b> Oikeus pyyt\u00e4\u00e4 virheellisten tietojen korjaamista.<\/p>\n<\/li>\n<li>\n<p data-path-to-node=\"31,2,0\"><b data-path-to-node=\"31,2,0\" data-index-in-node=\"0\">Oikeus tietojen poistamiseen (\u201dOikeus tulla unohdetuksi\u201d):<\/b> Oikeus pyyt\u00e4\u00e4 tietojesi poistamista, ellei meill\u00e4 ole lakis\u00e4\u00e4teist\u00e4 velvoitetta (esim. kirjanpitolaki) s\u00e4ilytt\u00e4\u00e4 niit\u00e4.<\/p>\n<\/li>\n<li>\n<p data-path-to-node=\"31,3,0\"><b data-path-to-node=\"31,3,0\" data-index-in-node=\"0\">Oikeus k\u00e4sittelyn rajoittamiseen tai vastustamiseen:<\/b> Oikeus kielt\u00e4yty\u00e4 suoramarkkinoinnista tai vastustaa oikeutettuun etuun perustuvaa k\u00e4sittely\u00e4.<\/p>\n<\/li>\n<li>\n<p data-path-to-node=\"31,4,0\"><b data-path-to-node=\"31,4,0\" data-index-in-node=\"0\">Oikeus siirt\u00e4\u00e4 tiedot j\u00e4rjestelm\u00e4st\u00e4 toiseen:<\/b> Oikeus saada tietosi koneluettavassa muodossa.<\/p>\n<\/li>\n<\/ol>\n<p data-path-to-node=\"32\">K\u00e4ytt\u00e4\u00e4ksesi n\u00e4it\u00e4 oikeuksia, ota yhteytt\u00e4: <b data-path-to-node=\"32\" data-index-in-node=\"48\">contact@marketertarget.com<\/b>.<\/p>\n<p data-path-to-node=\"32\">\u00a0<\/p>\n<h2 data-path-to-node=\"15\"><strong>8. Tietoturva<\/strong><\/h2>\n<p data-path-to-node=\"15\">Suojaamme tietosi nykyaikaisilla alan standardeilla. T\u00e4m\u00e4 sis\u00e4lt\u00e4\u00e4 SSL-salauksen, palomuurit, haittaohjelmien skannauksen ja p\u00e4\u00e4synhallinnan. P\u00e4\u00e4sy henkil\u00f6tietoihin on rajoitettu vain valtuutetulle henkil\u00f6st\u00f6lle, jonka ty\u00f6teht\u00e4v\u00e4t sit\u00e4 edellytt\u00e4v\u00e4t.<\/p>\n<p data-path-to-node=\"15\">\u00a0<\/p>\n<p data-path-to-node=\"15\">\u00a0<\/p>\n<p data-path-to-node=\"15\">Nortte Oy pid\u00e4tt\u00e4\u00e4 oikeuden p\u00e4ivitt\u00e4\u00e4 t\u00e4t\u00e4 selostetta.<\/p>\n<p><!-- \/wp:paragraph --><!-- wp:heading --><!-- \/wp:paragraph --><!-- wp:heading --><!-- \/wp:paragraph --><!-- wp:heading --><!-- \/wp:paragraph --><!-- wp:heading --><!-- \/wp:paragraph --><!-- wp:heading --><!-- \/wp:paragraph --><\/p>\t\t\t\t\t\t\t\t<\/div>\n\t\t\t\t\t<\/div>\n\t\t\t\t<\/div>\n\t\t\t\t<\/div>","protected":false},"excerpt":{"rendered":"<p>Last Updated: March 9, 2026 \u00a0 This Privacy Policy describes how Nortte Oy collects, uses, and protects your personal data when you use the Target Marketing Platform (marketertarget.com) website or interact with our web store. \u00a0 1. Data Controller Target Marketing Platform (marketertarget.com). Nortte OyBusiness ID 3281779-5Jyv\u00e4skyl\u00e4, Finland Contact: contact@marketertarget.com. \u00a0 2. Legal Basis and Purpose of Processing We process personal data to provide our marketing management services, handle payments, and perform marketing analytics. Contractual Necessity: Providing our Target Marketing Platform services, processing orders, managing payments (WooCommerce &amp; Stripe), and providing customer support. Legitimate Interest: Ensuring website security (qualifying internet traffic, blocking suspicious traffic and preventing cyber attacks), technical maintenance, service improvement, and platform analytics. Legal Obligation: Maintaining accounting records in accordance with the Finnish Accounting Act. Consent: Marketing communications, newsletters, and optional tracking cookies (Google Analytics, Meta Pixel). 3. Data Collected We collect the following types of information: Identity &amp; Contact Data: Name, email address, phone number, billing\/shipping address, and company details. Transaction Data: Product details, order history, and payment status. Note: We do not store credit card details on our servers; these are processed directly by Stripe. Technical &amp; Usage Data: IP address, browser type, device information, and data on how you interact with our site. Preferences: Language settings and cookie consent preferences. 4. Data Sharing and Third Parties We share data only with trusted third-party processors essential for our operations: Payment Processors: Stripe (for processing payments). Email Services: Google Gmail via SMTP (for transactional emails such as order confirmations). Analytics &amp; Marketing: Google Analytics, Meta Pixel, and Metricool (only if consent is provided via the cookie banner). Security &amp; Performance: IP data for security operators (to block malicious traffic). Data may be transferred outside the EU\/EEA (e.g., to the US). In such cases, we ensure a sufficient level of data protection through the use of European Commission Standard Contractual Clauses (SCCs) or other legal transfer mechanisms. \u00a0 5. Cookies and Tracking We use cookies to enhance your user experience. We manage these consents using a cookie banner for user consent. Essential Cookies: Required for core WordPress and e-commerce functions (e.g., shopping cart, login) and security. Analytical Cookies: Help us understand site usage (Google Analytics, Metricool). Marketing Cookies: Google Analytics and Meta Pixel for ad retargeting and conversion tracking. You can modify your cookie preferences at any time via the settings (gear icon in the bottom left side of our website). \u00a0 6. Data Retention Customer Data: Retained for the duration of the customer relationship and a subsequent period necessary for handling potential claims or warranties. Accounting Records: In accordance with the Finnish Accounting Act, we retain transaction data (orders, invoices, and payment records) for 6 years from the end of the calendar year in which the financial year ended. Marketing Data: Retained until you withdraw your consent or unsubscribe from our mailing list. Security Logs: IP logs from security walls are typically stored for 30\u201390 days for threat analysis. 7. Your Rights Under GDPR As a data subject, you have the following rights: Right of Access: The right to receive a copy of the data we hold about you. Right to Rectification: The right to request the correction of inaccurate data. Right to Erasure (&#8220;Right to be Forgotten&#8221;): The right to request deletion of your data, provided we are not legally obligated (e.g., by accounting laws) to retain it. Right to Restrict or Object: The right to opt-out of direct marketing or object to processing based on legitimate interest. Right to Data Portability: The right to receive your data in a machine-readable format. To exercise these rights, please contact us at: contact@marketertarget.com. \u00a0 8. Data Security We protect your data using modern industry standards. This includes SSL encryption, firewalls, malware scanning, and access control. Access to personal data is restricted to authorized personnel whose job duties require it. \u00a0 \u00a0 Nortte Oy reserves the right to update this policy.<\/p>","protected":false},"author":1,"featured_media":0,"parent":0,"menu_order":0,"comment_status":"closed","ping_status":"closed","template":"","meta":{"footnotes":""},"class_list":["post-3","page","type-page","status-publish","hentry"],"_links":{"self":[{"href":"https:\/\/marketertarget.com\/fi\/wp-json\/wp\/v2\/pages\/3","targetHints":{"allow":["GET"]}}],"collection":[{"href":"https:\/\/marketertarget.com\/fi\/wp-json\/wp\/v2\/pages"}],"about":[{"href":"https:\/\/marketertarget.com\/fi\/wp-json\/wp\/v2\/types\/page"}],"author":[{"embeddable":true,"href":"https:\/\/marketertarget.com\/fi\/wp-json\/wp\/v2\/users\/1"}],"replies":[{"embeddable":true,"href":"https:\/\/marketertarget.com\/fi\/wp-json\/wp\/v2\/comments?post=3"}],"version-history":[{"count":5,"href":"https:\/\/marketertarget.com\/fi\/wp-json\/wp\/v2\/pages\/3\/revisions"}],"predecessor-version":[{"id":720,"href":"https:\/\/marketertarget.com\/fi\/wp-json\/wp\/v2\/pages\/3\/revisions\/720"}],"wp:attachment":[{"href":"https:\/\/marketertarget.com\/fi\/wp-json\/wp\/v2\/media?parent=3"}],"curies":[{"name":"wp","href":"https:\/\/api.w.org\/{rel}","templated":true}]}}